{"id":39,"date":"2025-03-01T23:15:12","date_gmt":"2025-03-01T21:15:12","guid":{"rendered":"https:\/\/wpkoulutus2025.samk.fi\/~wp2408478\/?page_id=39"},"modified":"2025-03-19T08:30:54","modified_gmt":"2025-03-19T06:30:54","slug":"masaliisa-ohje","status":"publish","type":"page","link":"https:\/\/wpkoulutus2025.samk.fi\/~wp2408478\/masaliisa-ohje\/","title":{"rendered":"Masaliisa ohje"},"content":{"rendered":"\n<p>Pohja: Kiehauta 2,5dl vett\u00e4, 200g voita, 1tl suolaa ja 2rkl kaakaojauhetta kattilassa. Anna j\u00e4\u00e4hty\u00e4.<\/p>\n\n\n\n<p>Sekoita kulhossa 5dl vehn\u00e4jauhoja, 5dl sokeria, 1,5tl soodaa. Lis\u00e4\u00e4 joukkoon kaakaoliemi sek\u00e4 2 kananmunaa. Levit\u00e4 pellille ja paista uunissa 200 asteessa noin 20 minuuttia.<\/p>\n\n\n\n<p>Kuorrute: Sekoita kattilassa 100g voita, 2rkl maitoa ja 1rkl kaakaojauhetta. Lis\u00e4\u00e4 225g tomusokeria. Sekoita ja levit\u00e4 j\u00e4\u00e4htyneen pohjan p\u00e4\u00e4lle. Lis\u00e4\u00e4 halutessasi nonparelleja.<\/p>\n\n\n\n<p>NAUTI!<\/p>\n\n\n\n<figure class=\"wp-block-image aligncenter size-large is-resized\"><img loading=\"lazy\" decoding=\"async\" width=\"1500\" height=\"1125\" src=\"https:\/\/wpkoulutus2025.samk.fi\/~wp2408478\/wp-content\/uploads\/2025\/03\/masaliisa-edited.jpg\" alt=\"\" class=\"wp-image-49\" style=\"width:420px;height:auto\" srcset=\"https:\/\/wpkoulutus2025.samk.fi\/~wp2408478\/wp-content\/uploads\/2025\/03\/masaliisa-edited.jpg 1500w, https:\/\/wpkoulutus2025.samk.fi\/~wp2408478\/wp-content\/uploads\/2025\/03\/masaliisa-edited-300x225.jpg 300w, https:\/\/wpkoulutus2025.samk.fi\/~wp2408478\/wp-content\/uploads\/2025\/03\/masaliisa-edited-1024x768.jpg 1024w, https:\/\/wpkoulutus2025.samk.fi\/~wp2408478\/wp-content\/uploads\/2025\/03\/masaliisa-edited-768x576.jpg 768w\" sizes=\"auto, (max-width: 1500px) 100vw, 1500px\" \/><figcaption class=\"wp-element-caption\">Valmis masaliisa<\/figcaption><\/figure>\n","protected":false},"excerpt":{"rendered":"<p>Pohja: Kiehauta 2,5dl vett\u00e4, 200g voita, 1tl suolaa ja 2rkl kaakaojauhetta kattilassa. Anna j\u00e4\u00e4hty\u00e4. Sekoita kulhossa 5dl vehn\u00e4jauhoja, 5dl sokeria, 1,5tl soodaa. Lis\u00e4\u00e4 joukkoon kaakaoliemi sek\u00e4 2 kananmunaa. Levit\u00e4 pellille ja paista uunissa 200 asteessa noin 20 minuuttia. Kuorrute: Sekoita kattilassa 100g voita, 2rkl maitoa ja 1rkl kaakaojauhetta. Lis\u00e4\u00e4 225g tomusokeria. Sekoita ja levit\u00e4 j\u00e4\u00e4htyneen&#8230;<\/p>\n","protected":false},"author":1,"featured_media":0,"parent":0,"menu_order":0,"comment_status":"closed","ping_status":"closed","template":"","meta":{"footnotes":""},"class_list":["post-39","page","type-page","status-publish","hentry"],"yoast_head":"<!-- This site is optimized with the Yoast SEO plugin v24.7 - https:\/\/yoast.com\/wordpress\/plugins\/seo\/ -->\n<title>Masaliisa ohje - Makeita reseptej\u00e4<\/title>\n<meta name=\"description\" content=\"Leivonta reseptej\u00e4. Masaliisan ohje.\" \/>\n<meta name=\"robots\" content=\"index, follow, max-snippet:-1, max-image-preview:large, max-video-preview:-1\" \/>\n<link rel=\"canonical\" href=\"https:\/\/wpkoulutus2025.samk.fi\/~wp2408478\/masaliisa-ohje\/\" \/>\n<meta property=\"og:locale\" content=\"fi_FI\" \/>\n<meta property=\"og:type\" content=\"article\" \/>\n<meta property=\"og:title\" content=\"Masaliisa ohje - Makeita reseptej\u00e4\" \/>\n<meta property=\"og:description\" content=\"Leivonta reseptej\u00e4. Masaliisan ohje.\" \/>\n<meta property=\"og:url\" content=\"https:\/\/wpkoulutus2025.samk.fi\/~wp2408478\/masaliisa-ohje\/\" \/>\n<meta property=\"og:site_name\" content=\"Makeita reseptej\u00e4\" \/>\n<meta property=\"article:modified_time\" content=\"2025-03-19T06:30:54+00:00\" \/>\n<meta property=\"og:image\" content=\"https:\/\/wpkoulutus2025.samk.fi\/~wp2408478\/wp-content\/uploads\/2025\/03\/masaliisa-edited.jpg\" \/>\n\t<meta property=\"og:image:width\" content=\"1500\" \/>\n\t<meta property=\"og:image:height\" content=\"1125\" \/>\n\t<meta property=\"og:image:type\" content=\"image\/jpeg\" \/>\n<meta name=\"twitter:card\" content=\"summary_large_image\" \/>\n<meta name=\"twitter:label1\" content=\"Arvioitu lukuaika\" \/>\n\t<meta name=\"twitter:data1\" content=\"1 minuutti\" \/>\n<script type=\"application\/ld+json\" class=\"yoast-schema-graph\">{\"@context\":\"https:\/\/schema.org\",\"@graph\":[{\"@type\":\"WebPage\",\"@id\":\"https:\/\/wpkoulutus2025.samk.fi\/~wp2408478\/masaliisa-ohje\/\",\"url\":\"https:\/\/wpkoulutus2025.samk.fi\/~wp2408478\/masaliisa-ohje\/\",\"name\":\"Masaliisa ohje - Makeita reseptej\u00e4\",\"isPartOf\":{\"@id\":\"https:\/\/wpkoulutus2025.samk.fi\/~wp2408478\/#website\"},\"primaryImageOfPage\":{\"@id\":\"https:\/\/wpkoulutus2025.samk.fi\/~wp2408478\/masaliisa-ohje\/#primaryimage\"},\"image\":{\"@id\":\"https:\/\/wpkoulutus2025.samk.fi\/~wp2408478\/masaliisa-ohje\/#primaryimage\"},\"thumbnailUrl\":\"https:\/\/wpkoulutus2025.samk.fi\/~wp2408478\/wp-content\/uploads\/2025\/03\/masaliisa-edited.jpg\",\"datePublished\":\"2025-03-01T21:15:12+00:00\",\"dateModified\":\"2025-03-19T06:30:54+00:00\",\"description\":\"Leivonta reseptej\u00e4. Masaliisan ohje.\",\"breadcrumb\":{\"@id\":\"https:\/\/wpkoulutus2025.samk.fi\/~wp2408478\/masaliisa-ohje\/#breadcrumb\"},\"inLanguage\":\"fi\",\"potentialAction\":[{\"@type\":\"ReadAction\",\"target\":[\"https:\/\/wpkoulutus2025.samk.fi\/~wp2408478\/masaliisa-ohje\/\"]}]},{\"@type\":\"ImageObject\",\"inLanguage\":\"fi\",\"@id\":\"https:\/\/wpkoulutus2025.samk.fi\/~wp2408478\/masaliisa-ohje\/#primaryimage\",\"url\":\"https:\/\/wpkoulutus2025.samk.fi\/~wp2408478\/wp-content\/uploads\/2025\/03\/masaliisa-edited.jpg\",\"contentUrl\":\"https:\/\/wpkoulutus2025.samk.fi\/~wp2408478\/wp-content\/uploads\/2025\/03\/masaliisa-edited.jpg\",\"width\":1500,\"height\":1125},{\"@type\":\"BreadcrumbList\",\"@id\":\"https:\/\/wpkoulutus2025.samk.fi\/~wp2408478\/masaliisa-ohje\/#breadcrumb\",\"itemListElement\":[{\"@type\":\"ListItem\",\"position\":1,\"name\":\"Etusivu\",\"item\":\"https:\/\/wpkoulutus2025.samk.fi\/~wp2408478\/\"},{\"@type\":\"ListItem\",\"position\":2,\"name\":\"Masaliisa ohje\"}]},{\"@type\":\"WebSite\",\"@id\":\"https:\/\/wpkoulutus2025.samk.fi\/~wp2408478\/#website\",\"url\":\"https:\/\/wpkoulutus2025.samk.fi\/~wp2408478\/\",\"name\":\"Makeita reseptej\u00e4\",\"description\":\"Helppoja leivonta reseptej\u00e4 kotiin leivottavaksi\",\"potentialAction\":[{\"@type\":\"SearchAction\",\"target\":{\"@type\":\"EntryPoint\",\"urlTemplate\":\"https:\/\/wpkoulutus2025.samk.fi\/~wp2408478\/?s={search_term_string}\"},\"query-input\":{\"@type\":\"PropertyValueSpecification\",\"valueRequired\":true,\"valueName\":\"search_term_string\"}}],\"inLanguage\":\"fi\"}]}<\/script>\n<!-- \/ Yoast SEO plugin. -->","yoast_head_json":{"title":"Masaliisa ohje - Makeita reseptej\u00e4","description":"Leivonta reseptej\u00e4. Masaliisan ohje.","robots":{"index":"index","follow":"follow","max-snippet":"max-snippet:-1","max-image-preview":"max-image-preview:large","max-video-preview":"max-video-preview:-1"},"canonical":"https:\/\/wpkoulutus2025.samk.fi\/~wp2408478\/masaliisa-ohje\/","og_locale":"fi_FI","og_type":"article","og_title":"Masaliisa ohje - Makeita reseptej\u00e4","og_description":"Leivonta reseptej\u00e4. Masaliisan ohje.","og_url":"https:\/\/wpkoulutus2025.samk.fi\/~wp2408478\/masaliisa-ohje\/","og_site_name":"Makeita reseptej\u00e4","article_modified_time":"2025-03-19T06:30:54+00:00","og_image":[{"width":1500,"height":1125,"url":"https:\/\/wpkoulutus2025.samk.fi\/~wp2408478\/wp-content\/uploads\/2025\/03\/masaliisa-edited.jpg","type":"image\/jpeg"}],"twitter_card":"summary_large_image","twitter_misc":{"Arvioitu lukuaika":"1 minuutti"},"schema":{"@context":"https:\/\/schema.org","@graph":[{"@type":"WebPage","@id":"https:\/\/wpkoulutus2025.samk.fi\/~wp2408478\/masaliisa-ohje\/","url":"https:\/\/wpkoulutus2025.samk.fi\/~wp2408478\/masaliisa-ohje\/","name":"Masaliisa ohje - Makeita reseptej\u00e4","isPartOf":{"@id":"https:\/\/wpkoulutus2025.samk.fi\/~wp2408478\/#website"},"primaryImageOfPage":{"@id":"https:\/\/wpkoulutus2025.samk.fi\/~wp2408478\/masaliisa-ohje\/#primaryimage"},"image":{"@id":"https:\/\/wpkoulutus2025.samk.fi\/~wp2408478\/masaliisa-ohje\/#primaryimage"},"thumbnailUrl":"https:\/\/wpkoulutus2025.samk.fi\/~wp2408478\/wp-content\/uploads\/2025\/03\/masaliisa-edited.jpg","datePublished":"2025-03-01T21:15:12+00:00","dateModified":"2025-03-19T06:30:54+00:00","description":"Leivonta reseptej\u00e4. Masaliisan ohje.","breadcrumb":{"@id":"https:\/\/wpkoulutus2025.samk.fi\/~wp2408478\/masaliisa-ohje\/#breadcrumb"},"inLanguage":"fi","potentialAction":[{"@type":"ReadAction","target":["https:\/\/wpkoulutus2025.samk.fi\/~wp2408478\/masaliisa-ohje\/"]}]},{"@type":"ImageObject","inLanguage":"fi","@id":"https:\/\/wpkoulutus2025.samk.fi\/~wp2408478\/masaliisa-ohje\/#primaryimage","url":"https:\/\/wpkoulutus2025.samk.fi\/~wp2408478\/wp-content\/uploads\/2025\/03\/masaliisa-edited.jpg","contentUrl":"https:\/\/wpkoulutus2025.samk.fi\/~wp2408478\/wp-content\/uploads\/2025\/03\/masaliisa-edited.jpg","width":1500,"height":1125},{"@type":"BreadcrumbList","@id":"https:\/\/wpkoulutus2025.samk.fi\/~wp2408478\/masaliisa-ohje\/#breadcrumb","itemListElement":[{"@type":"ListItem","position":1,"name":"Etusivu","item":"https:\/\/wpkoulutus2025.samk.fi\/~wp2408478\/"},{"@type":"ListItem","position":2,"name":"Masaliisa ohje"}]},{"@type":"WebSite","@id":"https:\/\/wpkoulutus2025.samk.fi\/~wp2408478\/#website","url":"https:\/\/wpkoulutus2025.samk.fi\/~wp2408478\/","name":"Makeita reseptej\u00e4","description":"Helppoja leivonta reseptej\u00e4 kotiin leivottavaksi","potentialAction":[{"@type":"SearchAction","target":{"@type":"EntryPoint","urlTemplate":"https:\/\/wpkoulutus2025.samk.fi\/~wp2408478\/?s={search_term_string}"},"query-input":{"@type":"PropertyValueSpecification","valueRequired":true,"valueName":"search_term_string"}}],"inLanguage":"fi"}]}},"_links":{"self":[{"href":"https:\/\/wpkoulutus2025.samk.fi\/~wp2408478\/wp-json\/wp\/v2\/pages\/39","targetHints":{"allow":["GET"]}}],"collection":[{"href":"https:\/\/wpkoulutus2025.samk.fi\/~wp2408478\/wp-json\/wp\/v2\/pages"}],"about":[{"href":"https:\/\/wpkoulutus2025.samk.fi\/~wp2408478\/wp-json\/wp\/v2\/types\/page"}],"author":[{"embeddable":true,"href":"https:\/\/wpkoulutus2025.samk.fi\/~wp2408478\/wp-json\/wp\/v2\/users\/1"}],"replies":[{"embeddable":true,"href":"https:\/\/wpkoulutus2025.samk.fi\/~wp2408478\/wp-json\/wp\/v2\/comments?post=39"}],"version-history":[{"count":3,"href":"https:\/\/wpkoulutus2025.samk.fi\/~wp2408478\/wp-json\/wp\/v2\/pages\/39\/revisions"}],"predecessor-version":[{"id":63,"href":"https:\/\/wpkoulutus2025.samk.fi\/~wp2408478\/wp-json\/wp\/v2\/pages\/39\/revisions\/63"}],"wp:attachment":[{"href":"https:\/\/wpkoulutus2025.samk.fi\/~wp2408478\/wp-json\/wp\/v2\/media?parent=39"}],"curies":[{"name":"wp","href":"https:\/\/api.w.org\/{rel}","templated":true}]}}