{"id":57,"date":"2025-03-04T10:19:24","date_gmt":"2025-03-04T08:19:24","guid":{"rendered":"https:\/\/wpkoulutus2025.samk.fi\/~wp2408478\/?page_id=57"},"modified":"2025-03-19T08:35:23","modified_gmt":"2025-03-19T06:35:23","slug":"helpot-kaurakeksit","status":"publish","type":"page","link":"https:\/\/wpkoulutus2025.samk.fi\/~wp2408478\/helpot-kaurakeksit\/","title":{"rendered":"Helpot kaurakeksit"},"content":{"rendered":"\n<p>Sekoit kulhossa 2dl kaurahiutaleita, 1dl sokeria, 1tl vaniljasokeria, 1rkl vehn\u00e4jauhoja sek\u00e4 1tl leivinjauhetta. Lis\u00e4\u00e4 joukkoon 50g sulatettua voita ja t\u00e4m\u00e4n j\u00e4lkeen viel\u00e4 1 kananmuna.<\/p>\n\n\n\n<p>Levit\u00e4 taikinasta nokareita uunipellille. Kaurakeksit levi\u00e4v\u00e4t, joten j\u00e4t\u00e4 niiden ymp\u00e4rille tarpeeksi tilaa. Paista uunissa 200 asteessa keskitasolla noin 6 minuttia. Anna j\u00e4\u00e4hty\u00e4 ennen tarjoilua.<\/p>\n\n\n\n<p>NAUTI!<\/p>\n","protected":false},"excerpt":{"rendered":"<p>Sekoit kulhossa 2dl kaurahiutaleita, 1dl sokeria, 1tl vaniljasokeria, 1rkl vehn\u00e4jauhoja sek\u00e4 1tl leivinjauhetta. Lis\u00e4\u00e4 joukkoon 50g sulatettua voita ja t\u00e4m\u00e4n j\u00e4lkeen viel\u00e4 1 kananmuna. Levit\u00e4 taikinasta nokareita uunipellille. Kaurakeksit levi\u00e4v\u00e4t, joten j\u00e4t\u00e4 niiden ymp\u00e4rille tarpeeksi tilaa. Paista uunissa 200 asteessa keskitasolla noin 6 minuttia. Anna j\u00e4\u00e4hty\u00e4 ennen tarjoilua. NAUTI!<\/p>\n","protected":false},"author":1,"featured_media":0,"parent":0,"menu_order":0,"comment_status":"closed","ping_status":"closed","template":"","meta":{"footnotes":""},"class_list":["post-57","page","type-page","status-publish","hentry"],"yoast_head":"<!-- This site is optimized with the Yoast SEO plugin v24.7 - https:\/\/yoast.com\/wordpress\/plugins\/seo\/ -->\n<title>Helpot kaurakeksit - Makeita reseptej\u00e4<\/title>\n<meta name=\"description\" content=\"Leivonta reseptej\u00e4. Ohje helppoihin ja herkullisiin kaurakekseihin.\" \/>\n<meta name=\"robots\" content=\"index, follow, max-snippet:-1, max-image-preview:large, max-video-preview:-1\" \/>\n<link rel=\"canonical\" href=\"https:\/\/wpkoulutus2025.samk.fi\/~wp2408478\/helpot-kaurakeksit\/\" \/>\n<meta property=\"og:locale\" content=\"fi_FI\" \/>\n<meta property=\"og:type\" content=\"article\" \/>\n<meta property=\"og:title\" content=\"Helpot kaurakeksit - Makeita reseptej\u00e4\" \/>\n<meta property=\"og:description\" content=\"Leivonta reseptej\u00e4. Ohje helppoihin ja herkullisiin kaurakekseihin.\" \/>\n<meta property=\"og:url\" content=\"https:\/\/wpkoulutus2025.samk.fi\/~wp2408478\/helpot-kaurakeksit\/\" \/>\n<meta property=\"og:site_name\" content=\"Makeita reseptej\u00e4\" \/>\n<meta property=\"article:modified_time\" content=\"2025-03-19T06:35:23+00:00\" \/>\n<meta name=\"twitter:card\" content=\"summary_large_image\" \/>\n<meta name=\"twitter:label1\" content=\"Arvioitu lukuaika\" \/>\n\t<meta name=\"twitter:data1\" content=\"1 minuutti\" \/>\n<script type=\"application\/ld+json\" class=\"yoast-schema-graph\">{\"@context\":\"https:\/\/schema.org\",\"@graph\":[{\"@type\":\"WebPage\",\"@id\":\"https:\/\/wpkoulutus2025.samk.fi\/~wp2408478\/helpot-kaurakeksit\/\",\"url\":\"https:\/\/wpkoulutus2025.samk.fi\/~wp2408478\/helpot-kaurakeksit\/\",\"name\":\"Helpot kaurakeksit - Makeita reseptej\u00e4\",\"isPartOf\":{\"@id\":\"https:\/\/wpkoulutus2025.samk.fi\/~wp2408478\/#website\"},\"datePublished\":\"2025-03-04T08:19:24+00:00\",\"dateModified\":\"2025-03-19T06:35:23+00:00\",\"description\":\"Leivonta reseptej\u00e4. Ohje helppoihin ja herkullisiin kaurakekseihin.\",\"breadcrumb\":{\"@id\":\"https:\/\/wpkoulutus2025.samk.fi\/~wp2408478\/helpot-kaurakeksit\/#breadcrumb\"},\"inLanguage\":\"fi\",\"potentialAction\":[{\"@type\":\"ReadAction\",\"target\":[\"https:\/\/wpkoulutus2025.samk.fi\/~wp2408478\/helpot-kaurakeksit\/\"]}]},{\"@type\":\"BreadcrumbList\",\"@id\":\"https:\/\/wpkoulutus2025.samk.fi\/~wp2408478\/helpot-kaurakeksit\/#breadcrumb\",\"itemListElement\":[{\"@type\":\"ListItem\",\"position\":1,\"name\":\"Etusivu\",\"item\":\"https:\/\/wpkoulutus2025.samk.fi\/~wp2408478\/\"},{\"@type\":\"ListItem\",\"position\":2,\"name\":\"Helpot kaurakeksit\"}]},{\"@type\":\"WebSite\",\"@id\":\"https:\/\/wpkoulutus2025.samk.fi\/~wp2408478\/#website\",\"url\":\"https:\/\/wpkoulutus2025.samk.fi\/~wp2408478\/\",\"name\":\"Makeita reseptej\u00e4\",\"description\":\"Helppoja leivonta reseptej\u00e4 kotiin leivottavaksi\",\"potentialAction\":[{\"@type\":\"SearchAction\",\"target\":{\"@type\":\"EntryPoint\",\"urlTemplate\":\"https:\/\/wpkoulutus2025.samk.fi\/~wp2408478\/?s={search_term_string}\"},\"query-input\":{\"@type\":\"PropertyValueSpecification\",\"valueRequired\":true,\"valueName\":\"search_term_string\"}}],\"inLanguage\":\"fi\"}]}<\/script>\n<!-- \/ Yoast SEO plugin. -->","yoast_head_json":{"title":"Helpot kaurakeksit - Makeita reseptej\u00e4","description":"Leivonta reseptej\u00e4. Ohje helppoihin ja herkullisiin kaurakekseihin.","robots":{"index":"index","follow":"follow","max-snippet":"max-snippet:-1","max-image-preview":"max-image-preview:large","max-video-preview":"max-video-preview:-1"},"canonical":"https:\/\/wpkoulutus2025.samk.fi\/~wp2408478\/helpot-kaurakeksit\/","og_locale":"fi_FI","og_type":"article","og_title":"Helpot kaurakeksit - Makeita reseptej\u00e4","og_description":"Leivonta reseptej\u00e4. Ohje helppoihin ja herkullisiin kaurakekseihin.","og_url":"https:\/\/wpkoulutus2025.samk.fi\/~wp2408478\/helpot-kaurakeksit\/","og_site_name":"Makeita reseptej\u00e4","article_modified_time":"2025-03-19T06:35:23+00:00","twitter_card":"summary_large_image","twitter_misc":{"Arvioitu lukuaika":"1 minuutti"},"schema":{"@context":"https:\/\/schema.org","@graph":[{"@type":"WebPage","@id":"https:\/\/wpkoulutus2025.samk.fi\/~wp2408478\/helpot-kaurakeksit\/","url":"https:\/\/wpkoulutus2025.samk.fi\/~wp2408478\/helpot-kaurakeksit\/","name":"Helpot kaurakeksit - Makeita reseptej\u00e4","isPartOf":{"@id":"https:\/\/wpkoulutus2025.samk.fi\/~wp2408478\/#website"},"datePublished":"2025-03-04T08:19:24+00:00","dateModified":"2025-03-19T06:35:23+00:00","description":"Leivonta reseptej\u00e4. Ohje helppoihin ja herkullisiin kaurakekseihin.","breadcrumb":{"@id":"https:\/\/wpkoulutus2025.samk.fi\/~wp2408478\/helpot-kaurakeksit\/#breadcrumb"},"inLanguage":"fi","potentialAction":[{"@type":"ReadAction","target":["https:\/\/wpkoulutus2025.samk.fi\/~wp2408478\/helpot-kaurakeksit\/"]}]},{"@type":"BreadcrumbList","@id":"https:\/\/wpkoulutus2025.samk.fi\/~wp2408478\/helpot-kaurakeksit\/#breadcrumb","itemListElement":[{"@type":"ListItem","position":1,"name":"Etusivu","item":"https:\/\/wpkoulutus2025.samk.fi\/~wp2408478\/"},{"@type":"ListItem","position":2,"name":"Helpot kaurakeksit"}]},{"@type":"WebSite","@id":"https:\/\/wpkoulutus2025.samk.fi\/~wp2408478\/#website","url":"https:\/\/wpkoulutus2025.samk.fi\/~wp2408478\/","name":"Makeita reseptej\u00e4","description":"Helppoja leivonta reseptej\u00e4 kotiin leivottavaksi","potentialAction":[{"@type":"SearchAction","target":{"@type":"EntryPoint","urlTemplate":"https:\/\/wpkoulutus2025.samk.fi\/~wp2408478\/?s={search_term_string}"},"query-input":{"@type":"PropertyValueSpecification","valueRequired":true,"valueName":"search_term_string"}}],"inLanguage":"fi"}]}},"_links":{"self":[{"href":"https:\/\/wpkoulutus2025.samk.fi\/~wp2408478\/wp-json\/wp\/v2\/pages\/57","targetHints":{"allow":["GET"]}}],"collection":[{"href":"https:\/\/wpkoulutus2025.samk.fi\/~wp2408478\/wp-json\/wp\/v2\/pages"}],"about":[{"href":"https:\/\/wpkoulutus2025.samk.fi\/~wp2408478\/wp-json\/wp\/v2\/types\/page"}],"author":[{"embeddable":true,"href":"https:\/\/wpkoulutus2025.samk.fi\/~wp2408478\/wp-json\/wp\/v2\/users\/1"}],"replies":[{"embeddable":true,"href":"https:\/\/wpkoulutus2025.samk.fi\/~wp2408478\/wp-json\/wp\/v2\/comments?post=57"}],"version-history":[{"count":3,"href":"https:\/\/wpkoulutus2025.samk.fi\/~wp2408478\/wp-json\/wp\/v2\/pages\/57\/revisions"}],"predecessor-version":[{"id":69,"href":"https:\/\/wpkoulutus2025.samk.fi\/~wp2408478\/wp-json\/wp\/v2\/pages\/57\/revisions\/69"}],"wp:attachment":[{"href":"https:\/\/wpkoulutus2025.samk.fi\/~wp2408478\/wp-json\/wp\/v2\/media?parent=57"}],"curies":[{"name":"wp","href":"https:\/\/api.w.org\/{rel}","templated":true}]}}